{"id":49078,"date":"2016-07-20T05:55:29","date_gmt":"2016-07-20T05:55:29","guid":{"rendered":"https:\/\/inroses.com\/en\/novelties\/"},"modified":"2022-11-29T09:27:21","modified_gmt":"2022-11-29T14:27:21","slug":"novelties","status":"publish","type":"page","link":"https:\/\/inroses.com\/en\/novelties\/","title":{"rendered":"NOVELTIES"},"content":{"rendered":"<p>[vc_row][vc_column width=&#8221;2\/3&#8243;][uncode_index el_id=&#8221;index-597253&#8243; loop=&#8221;size:ALL|order_by:title|order:ASC|post_type:post|by_id:49010,48962,48905&#8243; gutter_size=&#8221;3&#8243; post_items=&#8221;media|featured|lightbox|original,title&#8221; screen_lg=&#8221;1000&#8243; screen_md=&#8221;600&#8243; screen_sm=&#8221;480&#8243; single_text=&#8221;overlay&#8221; single_width=&#8221;3&#8243; single_overlay_opacity=&#8221;50&#8243; single_h_align=&#8221;center&#8221; single_h_align_mobile=&#8221;center&#8221; single_padding=&#8221;2&#8243; single_title_dimension=&#8221;h5&#8243; single_title_family=&#8221;font-203550&#8243; single_title_weight=&#8221;600&#8243; lbox_title=&#8221;yes&#8221;][\/vc_column][vc_column width=&#8221;1\/3&#8243;][vc_custom_heading text_font=&#8221;font-203550&#8243; text_weight=&#8221;600&#8243; text_transform=&#8221;uppercase&#8221; text_color=&#8221;color-xsdn&#8221; subheading=&#8221;Una mezcla especial y ex\u00f3tica de colores sobre cada tallo. Las tonalidades son diferentes y cada flor es una fusi\u00f3n \u00fanica que sorprender\u00e1 a todos. Desde tonos suaves y puros hasta tonalidades llenas de fuerza y personalidad.&#8221;]NOVELTIES[\/vc_custom_heading][\/vc_column][\/vc_row]<\/p>\n","protected":false},"excerpt":{"rendered":"<p>[vc_row][vc_column width=&#8221;2\/3&#8243;][uncode_index el_id=&#8221;index-597253&#8243; loop=&#8221;size:ALL|order_by:title|order:ASC|post_type:post|by_id:49010,48962,48905&#8243; gutter_size=&#8221;3&#8243; post_items=&#8221;media|featured|lightbox|original,title&#8221; screen_lg=&#8221;1000&#8243; screen_md=&#8221;600&#8243; screen_sm=&#8221;480&#8243; single_text=&#8221;overlay&#8221; single_width=&#8221;3&#8243; single_overlay_opacity=&#8221;50&#8243; single_h_align=&#8221;center&#8221; single_h_align_mobile=&#8221;center&#8221; single_padding=&#8221;2&#8243; single_title_dimension=&#8221;h5&#8243; single_title_family=&#8221;font-203550&#8243; single_title_weight=&#8221;600&#8243; lbox_title=&#8221;yes&#8221;][\/vc_column][vc_column width=&#8221;1\/3&#8243;][vc_custom_heading [&hellip;]<\/p>\n","protected":false},"author":2,"featured_media":0,"parent":0,"menu_order":0,"comment_status":"closed","ping_status":"closed","template":"","meta":{"content-type":"","_joinchat":[]},"_links":{"self":[{"href":"https:\/\/inroses.com\/en\/wp-json\/wp\/v2\/pages\/49078"}],"collection":[{"href":"https:\/\/inroses.com\/en\/wp-json\/wp\/v2\/pages"}],"about":[{"href":"https:\/\/inroses.com\/en\/wp-json\/wp\/v2\/types\/page"}],"author":[{"embeddable":true,"href":"https:\/\/inroses.com\/en\/wp-json\/wp\/v2\/users\/2"}],"replies":[{"embeddable":true,"href":"https:\/\/inroses.com\/en\/wp-json\/wp\/v2\/comments?post=49078"}],"version-history":[{"count":4,"href":"https:\/\/inroses.com\/en\/wp-json\/wp\/v2\/pages\/49078\/revisions"}],"predecessor-version":[{"id":49718,"href":"https:\/\/inroses.com\/en\/wp-json\/wp\/v2\/pages\/49078\/revisions\/49718"}],"wp:attachment":[{"href":"https:\/\/inroses.com\/en\/wp-json\/wp\/v2\/media?parent=49078"}],"curies":[{"name":"wp","href":"https:\/\/api.w.org\/{rel}","templated":true}]}}